{"id":51775,"date":"2025-04-22T12:24:38","date_gmt":"2025-04-22T10:24:38","guid":{"rendered":"https:\/\/www.safespro.it\/?page_id=51775"},"modified":"2025-09-23T12:54:43","modified_gmt":"2025-09-23T10:54:43","slug":"corso-professionale-mcb-massaggiatore-capo-bagnino-stabilimenti-idroterapici","status":"publish","type":"page","link":"https:\/\/www.safespro.it\/it\/corso-professionale-mcb-massaggiatore-capo-bagnino-stabilimenti-idroterapici\/","title":{"rendered":"Corso Professionale &#8211; MCB Abilitazione Sanitaria"},"content":{"rendered":"\t\t<div data-elementor-type=\"wp-page\" data-elementor-id=\"51775\" class=\"elementor elementor-51775\" data-elementor-post-type=\"page\">\n\t\t\t\t<div class=\"elementor-element elementor-element-191665ef e-flex e-con-boxed e-con e-parent\" data-id=\"191665ef\" data-element_type=\"container\" data-e-type=\"container\" data-settings=\"{&quot;background_background&quot;:&quot;classic&quot;,&quot;background_motion_fx_motion_fx_scrolling&quot;:&quot;yes&quot;,&quot;background_motion_fx_translateY_effect&quot;:&quot;yes&quot;,&quot;background_motion_fx_translateY_speed&quot;:{&quot;unit&quot;:&quot;px&quot;,&quot;size&quot;:4,&quot;sizes&quot;:[]},&quot;background_motion_fx_translateY_affectedRange&quot;:{&quot;unit&quot;:&quot;%&quot;,&quot;size&quot;:&quot;&quot;,&quot;sizes&quot;:{&quot;start&quot;:0,&quot;end&quot;:100}},&quot;background_motion_fx_devices&quot;:[&quot;desktop&quot;,&quot;tablet&quot;,&quot;mobile&quot;]}\">\n\t\t\t\t\t<div class=\"e-con-inner\">\n\t\t<div class=\"elementor-element elementor-element-88fed03 e-con-full e-flex elementor-invisible e-con e-child\" data-id=\"88fed03\" data-element_type=\"container\" data-e-type=\"container\" data-settings=\"{&quot;animation&quot;:&quot;fadeIn&quot;,&quot;animation_delay&quot;:1}\">\n\t\t\t\t<div class=\"elementor-element elementor-element-286ad7a5 elementor-widget elementor-widget-heading\" data-id=\"286ad7a5\" data-element_type=\"widget\" data-e-type=\"widget\" id=\"contact\" data-widget_type=\"heading.default\">\n\t\t\t\t<div class=\"elementor-widget-container\">\n\t\t\t\t\t<h2 class=\"elementor-heading-title elementor-size-default\">TITOLO DI ABILITAZIONE SANITARIA<br>\nCORSO PROFESSIONALE<\/h2>\t\t\t\t<\/div>\n\t\t\t\t<\/div>\n\t\t\t\t<div class=\"elementor-element elementor-element-a399e6f elementor-widget elementor-widget-heading\" data-id=\"a399e6f\" data-element_type=\"widget\" data-e-type=\"widget\" data-widget_type=\"heading.default\">\n\t\t\t\t<div class=\"elementor-widget-container\">\n\t\t\t\t\t<h1 class=\"elementor-heading-title elementor-size-default\">Massaggiatore e Capo Bagnino degli Stabilimenti Idroterapici<\/h1>\t\t\t\t<\/div>\n\t\t\t\t<\/div>\n\t\t\t\t<div class=\"elementor-element elementor-element-ca9f8e1 elementor-widget elementor-widget-image\" data-id=\"ca9f8e1\" data-element_type=\"widget\" data-e-type=\"widget\" data-widget_type=\"image.default\">\n\t\t\t\t<div class=\"elementor-widget-container\">\n\t\t\t\t\t\t\t\t\t\t\t\t\t\t\t<img fetchpriority=\"high\" decoding=\"async\" width=\"1920\" height=\"665\" src=\"https:\/\/www.safespro.it\/wp-content\/uploads\/stgeorge-safespro.png\" class=\"attachment-large size-large wp-image-51849\" alt=\"stgeorge safespro\" srcset=\"https:\/\/www.safespro.it\/wp-content\/uploads\/stgeorge-safespro.png 1920w, https:\/\/www.safespro.it\/wp-content\/uploads\/stgeorge-safespro-200x69.png 200w, https:\/\/www.safespro.it\/wp-content\/uploads\/stgeorge-safespro-768x266.png 768w, https:\/\/www.safespro.it\/wp-content\/uploads\/stgeorge-safespro-1536x532.png 1536w, https:\/\/www.safespro.it\/wp-content\/uploads\/stgeorge-safespro-18x6.png 18w\" sizes=\"(max-width: 1920px) 100vw, 1920px\" \/>\t\t\t\t\t\t\t\t\t\t\t\t\t\t\t<\/div>\n\t\t\t\t<\/div>\n\t\t\t\t<\/div>\n\t\t\t\t\t<\/div>\n\t\t\t\t<\/div>\n\t\t<div class=\"elementor-element elementor-element-51b24ab e-flex e-con-boxed e-con e-parent\" data-id=\"51b24ab\" data-element_type=\"container\" data-e-type=\"container\" data-settings=\"{&quot;background_background&quot;:&quot;classic&quot;}\">\n\t\t\t\t\t<div class=\"e-con-inner\">\n\t\t\t\t<div class=\"elementor-element elementor-element-1049a46 elementor-widget elementor-widget-heading\" data-id=\"1049a46\" data-element_type=\"widget\" data-e-type=\"widget\" data-widget_type=\"heading.default\">\n\t\t\t\t<div class=\"elementor-widget-container\">\n\t\t\t\t\t<h2 class=\"elementor-heading-title elementor-size-default\">Il titolo di abilitazione sanitaria MCB \u00e8 riconosciuto dal Ministero della Salute ed \u00e8 valido sia in Italia che in Europa<\/h2>\t\t\t\t<\/div>\n\t\t\t\t<\/div>\n\t\t\t\t\t<\/div>\n\t\t\t\t<\/div>\n\t\t<div class=\"elementor-element elementor-element-4a49936 e-flex e-con-boxed e-con e-parent\" data-id=\"4a49936\" data-element_type=\"container\" data-e-type=\"container\" data-settings=\"{&quot;background_background&quot;:&quot;classic&quot;}\">\n\t\t\t\t\t<div class=\"e-con-inner\">\n\t\t<div class=\"elementor-element elementor-element-8ffacf7 e-con-full e-flex e-con e-child\" data-id=\"8ffacf7\" data-element_type=\"container\" data-e-type=\"container\">\n\t\t\t\t<div class=\"elementor-element elementor-element-706dde2 elementor-flip-box--effect-push elementor-flip-box--direction-left elementor-widget elementor-widget-flip-box\" data-id=\"706dde2\" data-element_type=\"widget\" data-e-type=\"widget\" data-widget_type=\"flip-box.default\">\n\t\t\t\t<div class=\"elementor-widget-container\">\n\t\t\t\t\t\t\t<div class=\"elementor-flip-box\" tabindex=\"0\">\n\t\t\t<div class=\"elementor-flip-box__layer elementor-flip-box__front\">\n\t\t\t\t<div class=\"elementor-flip-box__layer__overlay\">\n\t\t\t\t\t<div class=\"elementor-flip-box__layer__inner\">\n\t\t\t\t\t\t\t\t\t\t\t\t\t<div class=\"elementor-icon-wrapper elementor-view-default\">\n\t\t\t\t\t\t\t\t<div class=\"elementor-icon\">\n\t\t\t\t\t\t\t\t\t<i aria-hidden=\"true\" class=\"far fa-check-square\"><\/i>\t\t\t\t\t\t\t\t<\/div>\n\t\t\t\t\t\t\t<\/div>\n\t\t\t\t\t\t\n\t\t\t\t\t\t\t\t\t\t\t\t\t<h3 class=\"elementor-flip-box__layer__title\">\n\t\t\t\t\t\t\t\tMCB: Titolo Riconosciuto\t\t\t\t\t\t\t<\/h3>\n\t\t\t\t\t\t\n\t\t\t\t\t\t\t\t\t\t\t\t\t<div class=\"elementor-flip-box__layer__description\">\n\t\t\t\t\t\t\t\tAbilitazione Sanitaria \u00e8 riconosciuta ed \u00e8 valida in Italia e in Europa\t\t\t\t\t\t\t<\/div>\n\t\t\t\t\t\t\t\t\t\t\t<\/div>\n\t\t\t\t<\/div>\n\t\t\t<\/div>\n\t\t\t<div class=\"elementor-flip-box__layer elementor-flip-box__back\">\n\t\t\t<div class=\"elementor-flip-box__layer__overlay\">\n\t\t\t\t<div class=\"elementor-flip-box__layer__inner\">\n\t\t\t\t\t\t\t\t\t\t\t<h3 class=\"elementor-flip-box__layer__title\">\n\t\t\t\t\t\t\tMCB: Titolo Riconosciuto\t\t\t\t\t\t<\/h3>\n\t\t\t\t\t\n\t\t\t\t\t\t\t\t\t\t\t<div class=\"elementor-flip-box__layer__description\">\n\t\t\t\t\t\t\tIl titolo di Abilitazione Sanitaria MCB \u00e8 un riconoscimento ufficiale del Ministero della Salute, con piena validit\u00e0 in Italia ed Europa. Questa figura rientra nelle arti sanitarie ausiliarie. La seriet\u00e0 del titolo \u00e8 garantita dai percorsi formativi erogati esclusivamente da scuole accreditate dalle Regioni e dallo Stato, assicurando standard elevati e conformit\u00e0 normativa.\t\t\t\t\t\t<\/div>\n\t\t\t\t\t\n\t\t\t\t\t\t\t\t<\/div>\n\t\t<\/div>\n\t\t<\/div>\n\t\t<\/div>\n\t\t\t\t\t\t<\/div>\n\t\t\t\t<\/div>\n\t\t\t\t<div class=\"elementor-element elementor-element-2381a5a elementor-flip-box--effect-push elementor-flip-box--direction-left elementor-widget elementor-widget-flip-box\" data-id=\"2381a5a\" data-element_type=\"widget\" data-e-type=\"widget\" data-widget_type=\"flip-box.default\">\n\t\t\t\t<div class=\"elementor-widget-container\">\n\t\t\t\t\t\t\t<div class=\"elementor-flip-box\" tabindex=\"0\">\n\t\t\t<div class=\"elementor-flip-box__layer elementor-flip-box__front\">\n\t\t\t\t<div class=\"elementor-flip-box__layer__overlay\">\n\t\t\t\t\t<div class=\"elementor-flip-box__layer__inner\">\n\t\t\t\t\t\t\t\t\t\t\t\t\t<div class=\"elementor-icon-wrapper elementor-view-default\">\n\t\t\t\t\t\t\t\t<div class=\"elementor-icon\">\n\t\t\t\t\t\t\t\t\t<i aria-hidden=\"true\" class=\"far fa-check-square\"><\/i>\t\t\t\t\t\t\t\t<\/div>\n\t\t\t\t\t\t\t<\/div>\n\t\t\t\t\t\t\n\t\t\t\t\t\t\t\t\t\t\t\t\t<h3 class=\"elementor-flip-box__layer__title\">\n\t\t\t\t\t\t\t\tOltre il Massaggio: Ambito e Vantaggi\t\t\t\t\t\t\t<\/h3>\n\t\t\t\t\t\t\n\t\t\t\t\t\t\t\t\t\t\t\t\t<div class=\"elementor-flip-box__layer__description\">\n\t\t\t\t\t\t\t\tDoppia Competenza, Lavoro con Pazienti e Vantaggi Fiscali\t\t\t\t\t\t\t<\/div>\n\t\t\t\t\t\t\t\t\t\t\t<\/div>\n\t\t\t\t<\/div>\n\t\t\t<\/div>\n\t\t\t<div class=\"elementor-flip-box__layer elementor-flip-box__back\">\n\t\t\t<div class=\"elementor-flip-box__layer__overlay\">\n\t\t\t\t<div class=\"elementor-flip-box__layer__inner\">\n\t\t\t\t\t\t\t\t\t\t\t<h3 class=\"elementor-flip-box__layer__title\">\n\t\t\t\t\t\t\tOltre il Massaggio: Ambito e Vantaggi\t\t\t\t\t\t<\/h3>\n\t\t\t\t\t\n\t\t\t\t\t\t\t\t\t\t\t<div class=\"elementor-flip-box__layer__description\">\n\t\t\t\t\t\t\tIl titolo MCB offre una doppia specializzazione in Massoterapia e Idroterapia, aprendo all'operativit\u00e0 in ambito sanitario per curare e prevenire. MCB pu\u00f2 lavorare con pazienti affetti da patologie in vari contesti: poliambulatori, strutture sanitarie, centri termali o aprire il proprio studio. Vantaggi includono l'esenzione IVA sulle prestazioni sanitarie e detraibilit\u00e0 per i pazienti con prescrizione.\t\t\t\t\t\t<\/div>\n\t\t\t\t\t\n\t\t\t\t\t\t\t\t<\/div>\n\t\t<\/div>\n\t\t<\/div>\n\t\t<\/div>\n\t\t\t\t\t\t<\/div>\n\t\t\t\t<\/div>\n\t\t\t\t<div class=\"elementor-element elementor-element-a6fd0a9 elementor-flip-box--effect-push elementor-flip-box--direction-left elementor-widget elementor-widget-flip-box\" data-id=\"a6fd0a9\" data-element_type=\"widget\" data-e-type=\"widget\" data-widget_type=\"flip-box.default\">\n\t\t\t\t<div class=\"elementor-widget-container\">\n\t\t\t\t\t\t\t<div class=\"elementor-flip-box\" tabindex=\"0\">\n\t\t\t<div class=\"elementor-flip-box__layer elementor-flip-box__front\">\n\t\t\t\t<div class=\"elementor-flip-box__layer__overlay\">\n\t\t\t\t\t<div class=\"elementor-flip-box__layer__inner\">\n\t\t\t\t\t\t\t\t\t\t\t\t\t<div class=\"elementor-icon-wrapper elementor-view-default\">\n\t\t\t\t\t\t\t\t<div class=\"elementor-icon\">\n\t\t\t\t\t\t\t\t\t<i aria-hidden=\"true\" class=\"far fa-check-square\"><\/i>\t\t\t\t\t\t\t\t<\/div>\n\t\t\t\t\t\t\t<\/div>\n\t\t\t\t\t\t\n\t\t\t\t\t\t\t\t\t\t\t\t\t<h3 class=\"elementor-flip-box__layer__title\">\n\t\t\t\t\t\t\t\tLavorare in Sicurezza e Legalit\u00e0\t\t\t\t\t\t\t<\/h3>\n\t\t\t\t\t\t\n\t\t\t\t\t\t\t\t\t\t\t\t\t<div class=\"elementor-flip-box__layer__description\">\n\t\t\t\t\t\t\t\tStop Abuso Professionale, Trasparenza e Credibilit\u00e0 Sanitaria\t\t\t\t\t\t\t<\/div>\n\t\t\t\t\t\t\t\t\t\t\t<\/div>\n\t\t\t\t<\/div>\n\t\t\t<\/div>\n\t\t\t<div class=\"elementor-flip-box__layer elementor-flip-box__back\">\n\t\t\t<div class=\"elementor-flip-box__layer__overlay\">\n\t\t\t\t<div class=\"elementor-flip-box__layer__inner\">\n\t\t\t\t\t\t\t\t\t\t\t<h3 class=\"elementor-flip-box__layer__title\">\n\t\t\t\t\t\t\tLavorare in Sicurezza e Legalit\u00e0\t\t\t\t\t\t<\/h3>\n\t\t\t\t\t\n\t\t\t\t\t\t\t\t\t\t\t<div class=\"elementor-flip-box__layer__description\">\n\t\t\t\t\t\t\tAvere un titolo sanitario riconosciuto come l'MCB \u00e8 fondamentale per operare in legalit\u00e0 e sicurezza. Permette di trattare legalmente pazienti con patologie, evitando il rischio di abuso professionale. L'MCB garantisce trasparenza e credibilit\u00e0, consentendo di integrarsi legittimamente nel sistema sanitario e collaborare con altre figure mediche.\t\t\t\t\t\t<\/div>\n\t\t\t\t\t\n\t\t\t\t\t\t\t\t<\/div>\n\t\t<\/div>\n\t\t<\/div>\n\t\t<\/div>\n\t\t\t\t\t\t<\/div>\n\t\t\t\t<\/div>\n\t\t\t\t<\/div>\n\t\t\t\t\t<\/div>\n\t\t\t\t<\/div>\n\t\t<div class=\"elementor-element elementor-element-1ef7588 e-flex e-con-boxed e-con e-parent\" data-id=\"1ef7588\" data-element_type=\"container\" data-e-type=\"container\" data-settings=\"{&quot;background_background&quot;:&quot;classic&quot;}\">\n\t\t\t\t\t<div class=\"e-con-inner\">\n\t\t\t\t<div class=\"elementor-element elementor-element-1a143da elementor-widget elementor-widget-image\" data-id=\"1a143da\" data-element_type=\"widget\" data-e-type=\"widget\" data-widget_type=\"image.default\">\n\t\t\t\t<div class=\"elementor-widget-container\">\n\t\t\t\t\t\t\t\t\t\t\t\t\t\t\t\t<a href=\"https:\/\/www.safespro.it\/wp-content\/uploads\/2025\/Operatore%20in%20Massoidroterapia%20-%20Programma%202025%20-%20Scuola%20St.%20George%27s%20School.pdf\" target=\"_blank\">\n\t\t\t\t\t\t\t<img decoding=\"async\" width=\"528\" height=\"260\" src=\"https:\/\/www.safespro.it\/wp-content\/uploads\/scarica_brochure_mcb-e1745480743965.png\" class=\"attachment-large size-large wp-image-51864\" alt=\"scarica brochure mcb\" srcset=\"https:\/\/www.safespro.it\/wp-content\/uploads\/scarica_brochure_mcb-e1745480743965.png 528w, https:\/\/www.safespro.it\/wp-content\/uploads\/scarica_brochure_mcb-e1745480743965-200x98.png 200w, https:\/\/www.safespro.it\/wp-content\/uploads\/scarica_brochure_mcb-e1745480743965-18x9.png 18w\" sizes=\"(max-width: 528px) 100vw, 528px\" \/>\t\t\t\t\t\t\t\t<\/a>\n\t\t\t\t\t\t\t\t\t\t\t\t\t\t\t<\/div>\n\t\t\t\t<\/div>\n\t\t\t\t<div class=\"elementor-element elementor-element-9c4c11e elementor-widget elementor-widget-heading\" data-id=\"9c4c11e\" data-element_type=\"widget\" data-e-type=\"widget\" data-widget_type=\"heading.default\">\n\t\t\t\t<div class=\"elementor-widget-container\">\n\t\t\t\t\t<h2 class=\"elementor-heading-title elementor-size-default\"><a href=\"https:\/\/www.safespro.it\/wp-content\/uploads\/2025\/Operatore%20in%20Massoidroterapia%20-%20Programma%20-%20Scuola%20St.%20George%27s%20School.pdf\" target=\"_blank\">Scarica la Brochure<\/a><\/h2>\t\t\t\t<\/div>\n\t\t\t\t<\/div>\n\t\t\t\t<div class=\"elementor-element elementor-element-27cc00e elementor-widget elementor-widget-heading\" data-id=\"27cc00e\" data-element_type=\"widget\" data-e-type=\"widget\" data-widget_type=\"heading.default\">\n\t\t\t\t<div class=\"elementor-widget-container\">\n\t\t\t\t\t<h2 class=\"elementor-heading-title elementor-size-default\">Gli operatori MCB utilizzano tecniche di manipolazione e di massaggio e possono trattare persone con patologie.\nHanno l\u2019esenzione Iva per prestazioni sanitarie, possono lavorare in maniera indipendente, lavorare nelle strutture sanitarie, poliambulatori, termali.\nL\u2019abilitazione sanitaria MCB permette di avere infinite possibilit\u00e0 professionali e collaborare con figure sanitarie e del benessere. \nI professionisti del settore che hanno conseguito presso la St George Campus il titolo di abilitazione sanitaria MCB ne sono un esempio vivente.<\/h2>\t\t\t\t<\/div>\n\t\t\t\t<\/div>\n\t\t\t\t<div class=\"elementor-element elementor-element-9e98454 elementor-widget elementor-widget-heading\" data-id=\"9e98454\" data-element_type=\"widget\" data-e-type=\"widget\" data-widget_type=\"heading.default\">\n\t\t\t\t<div class=\"elementor-widget-container\">\n\t\t\t\t\t<h2 class=\"elementor-heading-title elementor-size-default\">La figura MCB rientra nelle arti sanitarie ausiliarie, che, a loro volta, sono inserite nelle professioni sanitarie del Ministero della Salute.<\/h2>\t\t\t\t<\/div>\n\t\t\t\t<\/div>\n\t\t\t\t<div class=\"elementor-element elementor-element-d7396f1 elementor-widget elementor-widget-heading\" data-id=\"d7396f1\" data-element_type=\"widget\" data-e-type=\"widget\" data-widget_type=\"heading.default\">\n\t\t\t\t<div class=\"elementor-widget-container\">\n\t\t\t\t\t<h2 class=\"elementor-heading-title elementor-size-default\">Inoltre gli MCB hanno la possibilit\u00e0 d\u2019 iscriversi in una associazione di settore denominata ANAM \u201c Associazione Nazionale Massoterapisti\u201d<\/h2>\t\t\t\t<\/div>\n\t\t\t\t<\/div>\n\t\t\t\t\t<\/div>\n\t\t\t\t<\/div>\n\t\t<div class=\"elementor-element elementor-element-9a3298e e-flex e-con-boxed e-con e-parent\" data-id=\"9a3298e\" data-element_type=\"container\" data-e-type=\"container\" data-settings=\"{&quot;background_background&quot;:&quot;classic&quot;}\">\n\t\t\t\t\t<div class=\"e-con-inner\">\n\t\t<div class=\"elementor-element elementor-element-cd00b5a e-con-full e-flex e-con e-child\" data-id=\"cd00b5a\" data-element_type=\"container\" data-e-type=\"container\">\n\t\t\t\t<div class=\"elementor-element elementor-element-7a20efd elementor-widget elementor-widget-video\" data-id=\"7a20efd\" data-element_type=\"widget\" data-e-type=\"widget\" data-settings=\"{&quot;youtube_url&quot;:&quot;https:\\\/\\\/www.youtube.com\\\/watch?v=ojOZWGpwT24&quot;,&quot;video_type&quot;:&quot;youtube&quot;,&quot;controls&quot;:&quot;yes&quot;}\" data-widget_type=\"video.default\">\n\t\t\t\t<div class=\"elementor-widget-container\">\n\t\t\t\t\t\t\t<div class=\"elementor-wrapper elementor-open-inline\">\n\t\t\t<div class=\"elementor-video\"><\/div>\t\t<\/div>\n\t\t\t\t\t\t<\/div>\n\t\t\t\t<\/div>\n\t\t\t\t<div class=\"elementor-element elementor-element-b8b7ea0 elementor-widget elementor-widget-video\" data-id=\"b8b7ea0\" data-element_type=\"widget\" data-e-type=\"widget\" data-settings=\"{&quot;youtube_url&quot;:&quot;https:\\\/\\\/www.youtube.com\\\/watch?v=bA3HKAjPSfI&quot;,&quot;video_type&quot;:&quot;youtube&quot;,&quot;controls&quot;:&quot;yes&quot;}\" data-widget_type=\"video.default\">\n\t\t\t\t<div class=\"elementor-widget-container\">\n\t\t\t\t\t\t\t<div class=\"elementor-wrapper elementor-open-inline\">\n\t\t\t<div class=\"elementor-video\"><\/div>\t\t<\/div>\n\t\t\t\t\t\t<\/div>\n\t\t\t\t<\/div>\n\t\t\t\t<\/div>\n\t\t\t\t\t<\/div>\n\t\t\t\t<\/div>\n\t\t<div class=\"elementor-element elementor-element-617b9cc e-flex e-con-boxed e-con e-parent\" data-id=\"617b9cc\" data-element_type=\"container\" data-e-type=\"container\" data-settings=\"{&quot;background_background&quot;:&quot;classic&quot;}\">\n\t\t\t\t\t<div class=\"e-con-inner\">\n\t\t\t\t<div class=\"elementor-element elementor-element-9298ac3 elementor-widget elementor-widget-heading\" data-id=\"9298ac3\" data-element_type=\"widget\" data-e-type=\"widget\" data-widget_type=\"heading.default\">\n\t\t\t\t<div class=\"elementor-widget-container\">\n\t\t\t\t\t<h2 class=\"elementor-heading-title elementor-size-default\"><a href=\"https:\/\/search.app\/VxkUagU7w7S8a1NM9\" target=\"_blank\">ISCRIVITI AL CORSO<\/a><\/h2>\t\t\t\t<\/div>\n\t\t\t\t<\/div>\n\t\t\t\t<div class=\"elementor-element elementor-element-7bf2837 elementor-widget elementor-widget-heading\" data-id=\"7bf2837\" data-element_type=\"widget\" data-e-type=\"widget\" data-widget_type=\"heading.default\">\n\t\t\t\t<div class=\"elementor-widget-container\">\n\t\t\t\t\t<h2 class=\"elementor-heading-title elementor-size-default\"><a href=\"https:\/\/www.safespro.it\/contact-page\/\">CONTATTACI PER INFORMAZIONI<\/a><\/h2>\t\t\t\t<\/div>\n\t\t\t\t<\/div>\n\t\t\t\t<div class=\"elementor-element elementor-element-73a014b elementor-widget elementor-widget-image\" data-id=\"73a014b\" data-element_type=\"widget\" data-e-type=\"widget\" data-widget_type=\"image.default\">\n\t\t\t\t<div class=\"elementor-widget-container\">\n\t\t\t\t\t\t\t\t\t\t\t\t\t\t\t<img decoding=\"async\" width=\"400\" height=\"107\" src=\"https:\/\/www.safespro.it\/wp-content\/uploads\/chiamastgeorge.png\" class=\"attachment-large size-large wp-image-52212\" alt=\"chiamastgeorge\" srcset=\"https:\/\/www.safespro.it\/wp-content\/uploads\/chiamastgeorge.png 400w, https:\/\/www.safespro.it\/wp-content\/uploads\/chiamastgeorge-200x54.png 200w, https:\/\/www.safespro.it\/wp-content\/uploads\/chiamastgeorge-18x5.png 18w\" sizes=\"(max-width: 400px) 100vw, 400px\" \/>\t\t\t\t\t\t\t\t\t\t\t\t\t\t\t<\/div>\n\t\t\t\t<\/div>\n\t\t\t\t\t<\/div>\n\t\t\t\t<\/div>\n\t\t\t\t<\/div>\n\t\t<p>Views: 491<\/p>","protected":false},"excerpt":{"rendered":"<p>TITOLO DI ABILITAZIONE SANITARIA CORSO PROFESSIONALE Massaggiatore e Capo Bagnino degli Stabilimenti Idroterapici Il titolo di abilitazione sanitaria MCB \u00e8 riconosciuto dal Ministero della Salute ed \u00e8 valido sia in Italia che in Europa MCB: Titolo Riconosciuto Abilitazione Sanitaria \u00e8 riconosciuta ed \u00e8 valida in Italia e in Europa MCB: Titolo Riconosciuto Il titolo di [&hellip;]<\/p>\n","protected":false},"author":200,"featured_media":51781,"parent":0,"menu_order":0,"comment_status":"closed","ping_status":"closed","template":"elementor_header_footer","meta":{"_seopress_robots_primary_cat":"","_seopress_titles_title":"MCB Massaggiatore e Capo Bagnino degli stabilimenti idroterapici","_seopress_titles_desc":"Titolo di abilitazione sanitaria MCB \u00e8 riconosciuto dal Ministero della Salute","_seopress_robots_index":"","site-sidebar-layout":"no-sidebar","site-content-layout":"page-builder","ast-site-content-layout":"full-width-container","site-content-style":"unboxed","site-sidebar-style":"unboxed","ast-global-header-display":"","ast-banner-title-visibility":"","ast-main-header-display":"","ast-hfb-above-header-display":"","ast-hfb-below-header-display":"","ast-hfb-mobile-header-display":"","site-post-title":"disabled","ast-breadcrumbs-content":"","ast-featured-img":"disabled","footer-sml-layout":"","ast-disable-related-posts":"","theme-transparent-header-meta":"","adv-header-id-meta":"","stick-header-meta":"","header-above-stick-meta":"","header-main-stick-meta":"","header-below-stick-meta":"","astra-migrate-meta-layouts":"set","ast-page-background-enabled":"default","ast-page-background-meta":{"desktop":{"background-color":"","background-image":"","background-repeat":"repeat","background-position":"center center","background-size":"auto","background-attachment":"scroll","background-type":"","background-media":"","overlay-type":"","overlay-color":"","overlay-opacity":"","overlay-gradient":""},"tablet":{"background-color":"","background-image":"","background-repeat":"repeat","background-position":"center center","background-size":"auto","background-attachment":"scroll","background-type":"","background-media":"","overlay-type":"","overlay-color":"","overlay-opacity":"","overlay-gradient":""},"mobile":{"background-color":"","background-image":"","background-repeat":"repeat","background-position":"center center","background-size":"auto","background-attachment":"scroll","background-type":"","background-media":"","overlay-type":"","overlay-color":"","overlay-opacity":"","overlay-gradient":""}},"ast-content-background-meta":{"desktop":{"background-color":"var(--ast-global-color-5)","background-image":"","background-repeat":"repeat","background-position":"center center","background-size":"auto","background-attachment":"scroll","background-type":"","background-media":"","overlay-type":"","overlay-color":"","overlay-opacity":"","overlay-gradient":""},"tablet":{"background-color":"var(--ast-global-color-5)","background-image":"","background-repeat":"repeat","background-position":"center center","background-size":"auto","background-attachment":"scroll","background-type":"","background-media":"","overlay-type":"","overlay-color":"","overlay-opacity":"","overlay-gradient":""},"mobile":{"background-color":"var(--ast-global-color-5)","background-image":"","background-repeat":"repeat","background-position":"center center","background-size":"auto","background-attachment":"scroll","background-type":"","background-media":"","overlay-type":"","overlay-color":"","overlay-opacity":"","overlay-gradient":""}},"footnotes":""},"class_list":["post-51775","page","type-page","status-publish","has-post-thumbnail","hentry"],"_links":{"self":[{"href":"https:\/\/www.safespro.it\/it\/wp-json\/wp\/v2\/pages\/51775","targetHints":{"allow":["GET"]}}],"collection":[{"href":"https:\/\/www.safespro.it\/it\/wp-json\/wp\/v2\/pages"}],"about":[{"href":"https:\/\/www.safespro.it\/it\/wp-json\/wp\/v2\/types\/page"}],"author":[{"embeddable":true,"href":"https:\/\/www.safespro.it\/it\/wp-json\/wp\/v2\/users\/200"}],"replies":[{"embeddable":true,"href":"https:\/\/www.safespro.it\/it\/wp-json\/wp\/v2\/comments?post=51775"}],"version-history":[{"count":0,"href":"https:\/\/www.safespro.it\/it\/wp-json\/wp\/v2\/pages\/51775\/revisions"}],"wp:featuredmedia":[{"embeddable":true,"href":"https:\/\/www.safespro.it\/it\/wp-json\/wp\/v2\/media\/51781"}],"wp:attachment":[{"href":"https:\/\/www.safespro.it\/it\/wp-json\/wp\/v2\/media?parent=51775"}],"curies":[{"name":"wp","href":"https:\/\/api.w.org\/{rel}","templated":true}]}}